{"id":4779,"date":"2018-06-25T16:44:51","date_gmt":"2018-06-25T14:44:51","guid":{"rendered":"http:\/\/www.invest-in-nord-franche-comte.fr\/?page_id=4779"},"modified":"2018-12-12T17:05:31","modified_gmt":"2018-12-12T16:05:31","slug":"legal-information","status":"publish","type":"page","link":"https:\/\/www.invest-in-nord-franche-comte.fr\/fr\/legal-information\/?lang=en","title":{"rendered":"Legal information"},"content":{"rendered":"<div class=\"fusion-fullwidth fullwidth-box fusion-builder-row-1 nonhundred-percent-fullwidth non-hundred-percent-height-scrolling\" style=\"--awb-border-radius-top-left:0px;--awb-border-radius-top-right:0px;--awb-border-radius-bottom-right:0px;--awb-border-radius-bottom-left:0px;--awb-flex-wrap:wrap;\" ><div class=\"fusion-builder-row fusion-row\"><div class=\"fusion-layout-column fusion_builder_column fusion-builder-column-0 fusion_builder_column_1_1 1_1 fusion-one-full fusion-column-first fusion-column-last\" style=\"--awb-bg-size:cover;\"><div class=\"fusion-column-wrapper fusion-flex-column-wrapper-legacy\"><div class=\"fusion-title title fusion-title-1 fusion-title-text fusion-title-size-one\" style=\"--awb-sep-color:rgba(231,228,226,0);\"><h1 class=\"fusion-title-heading title-heading-left fusion-responsive-typography-calculated\" style=\"margin:0;--fontSize:55;line-height:1.15;\">Mentions l\u00e9gales<\/h1><span class=\"awb-title-spacer\"><\/span><div class=\"title-sep-container\"><div class=\"title-sep sep-single sep-solid\" style=\"border-color:rgba(231,228,226,0);\"><\/div><\/div><\/div><div class=\"fusion-text fusion-text-1\"><p><strong>Propri\u00e9taire du site internet<\/strong><\/p>\n<p>Le site est la propri\u00e9t\u00e9 de l&rsquo;<a href=\"https:\/\/adnfc.fr\/?p=\" target=\"_blank\" rel=\"noopener\">ADN-FC<\/a><\/p>\n<p>D\u00e9nomination sociale : Agence de D\u00e9veloppement \u00e9conomique Nord Franche-Comt\u00e9 (ADN-FC)<br \/>\nForme juridique : Association loi 1901<\/p>\n<p>Si\u00e8ge social :<br \/>\nLa Jonxion,\u00a0Parc d&rsquo;innovation Belfort-Montb\u00e9liard<br \/>\n1 Avenue de la Gare TGV &#8211;\u00a090400 MEROUX<\/p>\n<p>Pour toute demande, merci d&rsquo;adresser un e-mail \u00e0 <a href=\"mailto:contact@adnfc.fr\">contact@adnfc.fr<\/a><\/p>\n<p><strong>Responsable de publication<\/strong><\/p>\n<p>Elaboration des contenus : ADN-FC<br \/>\nDirecteur de publication : Gilles CASSOTTI<\/p>\n<p><strong>H\u00e9bergement du site internet<\/strong><\/p>\n<p><a href=\"http:\/\/www.trinaps.com\" target=\"_blank\" rel=\"noopener\">TRINAPS<\/a> &#8211; Ing\u00e9nierie R\u00e9seau<br \/>\nTechn&rsquo;hom 3 &#8211; 11 Rue Sophie Germain &#8211;\u00a090000 Belfort<\/p>\n<p><strong>Cr\u00e9dits photographiques<\/strong><\/p>\n<p>Entreprises et institutions\u00a0: ADN-FC, Alstom, Creathes, General Electric, Groupe PSA, Interlogistics, L\u2019Aube, Leuropevueduciel.com, Les Eurock\u00e9ennes de Belfort, Pays de Montb\u00e9liard Agglom\u00e9ration, TANDEM, Universit\u00e9 de Franche-Comt\u00e9 (UFC), Universit\u00e9 de Technologie de Belfort-Montb\u00e9liard (UTBM), Unsplash, Vitagora.<\/p>\n<p>Photographes\u00a0: Marc BARRAL BARON, Samuel COULON, John DARBOUX, Simon DAVAL, Dominique DELFINO, Lucas MATAGNE, Tim PLATT, Florian ROY \u2013 LORIUS, Lionel VADAM.<\/p>\n<\/div><div class=\"fusion-clearfix\"><\/div><\/div><\/div><\/div><\/div>\n","protected":false},"excerpt":{"rendered":"","protected":false},"author":1,"featured_media":0,"parent":0,"menu_order":0,"comment_status":"closed","ping_status":"closed","template":"","meta":{"_acf_changed":false,"footnotes":""},"class_list":["post-4779","page","type-page","status-publish","hentry"],"acf":[],"yoast_head":"<!-- This site is optimized with the Yoast SEO plugin v27.4 - https:\/\/yoast.com\/product\/yoast-seo-wordpress\/ -->\n<title>Legal information | Invest in NFC<\/title>\n<meta name=\"description\" content=\"Find the legal and obligatory information of the site like the manager of publication, the credits photos, the website hosting etc.\" \/>\n<meta name=\"robots\" content=\"index, follow, max-snippet:-1, max-image-preview:large, max-video-preview:-1\" \/>\n<link rel=\"canonical\" href=\"https:\/\/www.invest-in-nord-franche-comte.fr\/fr\/legal-information\/?lang=en\" \/>\n<meta property=\"og:locale\" content=\"fr_FR\" \/>\n<meta property=\"og:type\" content=\"article\" \/>\n<meta property=\"og:title\" content=\"Legal information | Invest in NFC\" \/>\n<meta property=\"og:description\" content=\"Find the legal and obligatory information of the site like the manager of publication, the credits photos, the website hosting etc.\" \/>\n<meta property=\"og:url\" content=\"https:\/\/www.invest-in-nord-franche-comte.fr\/fr\/legal-information\/?lang=en\" \/>\n<meta property=\"og:site_name\" content=\"Invest in Nord Franche-Comt\u00e9\" \/>\n<meta property=\"article:publisher\" content=\"https:\/\/www.facebook.com\/pg\/adnfc.fr\/\" \/>\n<meta property=\"article:modified_time\" content=\"2018-12-12T16:05:31+00:00\" \/>\n<meta property=\"og:image\" content=\"https:\/\/www.invest-in-nord-franche-comte.fr\/wp-content\/uploads\/2018\/05\/so-nord-franche-comte-logo-officiel.jpg\" \/>\n\t<meta property=\"og:image:width\" content=\"514\" \/>\n\t<meta property=\"og:image:height\" content=\"208\" \/>\n\t<meta property=\"og:image:type\" content=\"image\/jpeg\" \/>\n<meta name=\"twitter:card\" content=\"summary_large_image\" \/>\n<meta name=\"twitter:site\" content=\"@ADN_FC\" \/>\n<meta name=\"twitter:label1\" content=\"Dur\u00e9e de lecture estim\u00e9e\" \/>\n\t<meta name=\"twitter:data1\" content=\"2 minutes\" \/>\n<script type=\"application\/ld+json\" class=\"yoast-schema-graph\">{\"@context\":\"https:\\\/\\\/schema.org\",\"@graph\":[{\"@type\":\"WebPage\",\"@id\":\"https:\\\/\\\/www.invest-in-nord-franche-comte.fr\\\/fr\\\/legal-information\\\/?lang=en\",\"url\":\"https:\\\/\\\/www.invest-in-nord-franche-comte.fr\\\/fr\\\/legal-information\\\/?lang=en\",\"name\":\"Legal information | Invest in NFC\",\"isPartOf\":{\"@id\":\"https:\\\/\\\/www.invest-in-nord-franche-comte.fr\\\/fr\\\/#website\"},\"datePublished\":\"2018-06-25T14:44:51+00:00\",\"dateModified\":\"2018-12-12T16:05:31+00:00\",\"description\":\"Find the legal and obligatory information of the site like the manager of publication, the credits photos, the website hosting etc.\",\"breadcrumb\":{\"@id\":\"https:\\\/\\\/www.invest-in-nord-franche-comte.fr\\\/fr\\\/legal-information\\\/?lang=en#breadcrumb\"},\"inLanguage\":\"fr-FR\",\"potentialAction\":[{\"@type\":\"ReadAction\",\"target\":[\"https:\\\/\\\/www.invest-in-nord-franche-comte.fr\\\/fr\\\/legal-information\\\/?lang=en\"]}]},{\"@type\":\"BreadcrumbList\",\"@id\":\"https:\\\/\\\/www.invest-in-nord-franche-comte.fr\\\/fr\\\/legal-information\\\/?lang=en#breadcrumb\",\"itemListElement\":[{\"@type\":\"ListItem\",\"position\":1,\"name\":\"Accueil\",\"item\":\"https:\\\/\\\/www.invest-in-nord-franche-comte.fr\\\/fr\\\/\"},{\"@type\":\"ListItem\",\"position\":2,\"name\":\"Legal information\"}]},{\"@type\":\"WebSite\",\"@id\":\"https:\\\/\\\/www.invest-in-nord-franche-comte.fr\\\/fr\\\/#website\",\"url\":\"https:\\\/\\\/www.invest-in-nord-franche-comte.fr\\\/fr\\\/\",\"name\":\"Invest in Nord Franche-Comt\u00e9\",\"description\":\"\",\"potentialAction\":[{\"@type\":\"SearchAction\",\"target\":{\"@type\":\"EntryPoint\",\"urlTemplate\":\"https:\\\/\\\/www.invest-in-nord-franche-comte.fr\\\/fr\\\/?s={search_term_string}\"},\"query-input\":{\"@type\":\"PropertyValueSpecification\",\"valueRequired\":true,\"valueName\":\"search_term_string\"}}],\"inLanguage\":\"fr-FR\"}]}<\/script>\n<!-- \/ Yoast SEO plugin. -->","yoast_head_json":{"title":"Legal information | Invest in NFC","description":"Find the legal and obligatory information of the site like the manager of publication, the credits photos, the website hosting etc.","robots":{"index":"index","follow":"follow","max-snippet":"max-snippet:-1","max-image-preview":"max-image-preview:large","max-video-preview":"max-video-preview:-1"},"canonical":"https:\/\/www.invest-in-nord-franche-comte.fr\/fr\/legal-information\/?lang=en","og_locale":"fr_FR","og_type":"article","og_title":"Legal information | Invest in NFC","og_description":"Find the legal and obligatory information of the site like the manager of publication, the credits photos, the website hosting etc.","og_url":"https:\/\/www.invest-in-nord-franche-comte.fr\/fr\/legal-information\/?lang=en","og_site_name":"Invest in Nord Franche-Comt\u00e9","article_publisher":"https:\/\/www.facebook.com\/pg\/adnfc.fr\/","article_modified_time":"2018-12-12T16:05:31+00:00","og_image":[{"width":514,"height":208,"url":"https:\/\/www.invest-in-nord-franche-comte.fr\/wp-content\/uploads\/2018\/05\/so-nord-franche-comte-logo-officiel.jpg","type":"image\/jpeg"}],"twitter_card":"summary_large_image","twitter_site":"@ADN_FC","twitter_misc":{"Dur\u00e9e de lecture estim\u00e9e":"2 minutes"},"schema":{"@context":"https:\/\/schema.org","@graph":[{"@type":"WebPage","@id":"https:\/\/www.invest-in-nord-franche-comte.fr\/fr\/legal-information\/?lang=en","url":"https:\/\/www.invest-in-nord-franche-comte.fr\/fr\/legal-information\/?lang=en","name":"Legal information | Invest in NFC","isPartOf":{"@id":"https:\/\/www.invest-in-nord-franche-comte.fr\/fr\/#website"},"datePublished":"2018-06-25T14:44:51+00:00","dateModified":"2018-12-12T16:05:31+00:00","description":"Find the legal and obligatory information of the site like the manager of publication, the credits photos, the website hosting etc.","breadcrumb":{"@id":"https:\/\/www.invest-in-nord-franche-comte.fr\/fr\/legal-information\/?lang=en#breadcrumb"},"inLanguage":"fr-FR","potentialAction":[{"@type":"ReadAction","target":["https:\/\/www.invest-in-nord-franche-comte.fr\/fr\/legal-information\/?lang=en"]}]},{"@type":"BreadcrumbList","@id":"https:\/\/www.invest-in-nord-franche-comte.fr\/fr\/legal-information\/?lang=en#breadcrumb","itemListElement":[{"@type":"ListItem","position":1,"name":"Accueil","item":"https:\/\/www.invest-in-nord-franche-comte.fr\/fr\/"},{"@type":"ListItem","position":2,"name":"Legal information"}]},{"@type":"WebSite","@id":"https:\/\/www.invest-in-nord-franche-comte.fr\/fr\/#website","url":"https:\/\/www.invest-in-nord-franche-comte.fr\/fr\/","name":"Invest in Nord Franche-Comt\u00e9","description":"","potentialAction":[{"@type":"SearchAction","target":{"@type":"EntryPoint","urlTemplate":"https:\/\/www.invest-in-nord-franche-comte.fr\/fr\/?s={search_term_string}"},"query-input":{"@type":"PropertyValueSpecification","valueRequired":true,"valueName":"search_term_string"}}],"inLanguage":"fr-FR"}]}},"meta_box":[],"_links":{"self":[{"href":"https:\/\/www.invest-in-nord-franche-comte.fr\/fr\/wp-json\/wp\/v2\/pages\/4779","targetHints":{"allow":["GET"]}}],"collection":[{"href":"https:\/\/www.invest-in-nord-franche-comte.fr\/fr\/wp-json\/wp\/v2\/pages"}],"about":[{"href":"https:\/\/www.invest-in-nord-franche-comte.fr\/fr\/wp-json\/wp\/v2\/types\/page"}],"author":[{"embeddable":true,"href":"https:\/\/www.invest-in-nord-franche-comte.fr\/fr\/wp-json\/wp\/v2\/users\/1"}],"replies":[{"embeddable":true,"href":"https:\/\/www.invest-in-nord-franche-comte.fr\/fr\/wp-json\/wp\/v2\/comments?post=4779"}],"version-history":[{"count":0,"href":"https:\/\/www.invest-in-nord-franche-comte.fr\/fr\/wp-json\/wp\/v2\/pages\/4779\/revisions"}],"wp:attachment":[{"href":"https:\/\/www.invest-in-nord-franche-comte.fr\/fr\/wp-json\/wp\/v2\/media?parent=4779"}],"curies":[{"name":"wp","href":"https:\/\/api.w.org\/{rel}","templated":true}]}}