{"id":3143,"date":"2018-04-06T15:29:02","date_gmt":"2018-04-06T13:29:02","guid":{"rendered":"http:\/\/invest-in-nordfranchecomte.adnfc.fr\/?page_id=3143"},"modified":"2020-09-15T12:14:27","modified_gmt":"2020-09-15T10:14:27","slug":"contact-projet","status":"publish","type":"page","link":"https:\/\/www.invest-in-nord-franche-comte.fr\/fr\/contact-projet\/","title":{"rendered":"Vous avez un projet"},"content":{"rendered":"<div id=\"form\" class=\"fusion-container-anchor\"><div class=\"fusion-fullwidth fullwidth-box fusion-builder-row-1 texte-blanc nonhundred-percent-fullwidth non-hundred-percent-height-scrolling\" style=\"--awb-border-radius-top-left:0px;--awb-border-radius-top-right:0px;--awb-border-radius-bottom-right:0px;--awb-border-radius-bottom-left:0px;--awb-padding-top:70px;--awb-padding-bottom:90px;--awb-background-color:#333c4e;--awb-flex-wrap:wrap;\" ><div class=\"fusion-builder-row fusion-row\"><div class=\"fusion-layout-column fusion_builder_column fusion-builder-column-0 fusion_builder_column_1_4 1_4 fusion-one-fourth fusion-column-first\" style=\"--awb-bg-size:cover;width:25%;width:calc(25% - ( ( 4% + 4% ) * 0.25 ) );margin-right: 4%;\"><div class=\"fusion-column-wrapper fusion-flex-column-wrapper-legacy\"><div class=\"fusion-clearfix\"><\/div><\/div><\/div><div class=\"fusion-layout-column fusion_builder_column fusion-builder-column-1 fusion_builder_column_1_2 1_2 fusion-one-half texte-blanc\" style=\"--awb-bg-size:cover;width:50%;width:calc(50% - ( ( 4% + 4% ) * 0.5 ) );margin-right: 4%;\"><div class=\"fusion-column-wrapper fusion-flex-column-wrapper-legacy\"><div class=\"fusion-title title fusion-title-1 fusion-title-center fusion-title-text fusion-title-size-two\" style=\"--awb-sep-color:rgba(231,228,226,0);\"><div class=\"title-sep-container title-sep-container-left\"><div class=\"title-sep sep-single sep-solid\" style=\"border-color:rgba(231,228,226,0);\"><\/div><\/div><span class=\"awb-title-spacer\"><\/span><h2 class=\"fusion-title-heading title-heading-center fusion-responsive-typography-calculated\" style=\"margin:0;--fontSize:40;line-height:1.25;\"><h2 style=\"text-align: center; font-size: 30px; color: #ffffff;\">Vous avez <span style=\"color: #e84132;\">un projet ou une demande ?<br \/>\n<\/span>Faites-nous en part !<\/h2><\/h2><span class=\"awb-title-spacer\"><\/span><div class=\"title-sep-container title-sep-container-right\"><div class=\"title-sep sep-single sep-solid\" style=\"border-color:rgba(231,228,226,0);\"><\/div><\/div><\/div><div class=\"fusion-clearfix\"><\/div><\/div><\/div><div class=\"fusion-layout-column fusion_builder_column fusion-builder-column-2 fusion_builder_column_1_4 1_4 fusion-one-fourth fusion-column-last\" style=\"--awb-bg-size:cover;width:25%;width:calc(25% - ( ( 4% + 4% ) * 0.25 ) );\"><div class=\"fusion-column-wrapper fusion-flex-column-wrapper-legacy\"><div class=\"fusion-clearfix\"><\/div><\/div><\/div><div class=\"fusion-layout-column fusion_builder_column fusion-builder-column-3 fusion_builder_column_1_4 1_4 fusion-one-fourth fusion-column-first\" style=\"--awb-bg-size:cover;width:25%;width:calc(25% - ( ( 4% + 4% ) * 0.25 ) );margin-right: 4%;\"><div class=\"fusion-column-wrapper fusion-flex-column-wrapper-legacy\"><div class=\"fusion-clearfix\"><\/div><\/div><\/div><div class=\"fusion-layout-column fusion_builder_column fusion-builder-column-4 fusion_builder_column_1_2 1_2 fusion-one-half\" style=\"--awb-bg-size:cover;width:50%;width:calc(50% - ( ( 4% + 4% ) * 0.5 ) );margin-right: 4%;\"><div class=\"fusion-column-wrapper fusion-flex-column-wrapper-legacy\"><div class=\"fusion-text fusion-text-1\"><p style=\"text-align: center;\">\n<div class=\"wpcf7 no-js\" id=\"wpcf7-f3684-o1\" lang=\"fr-FR\" dir=\"ltr\" data-wpcf7-id=\"3684\">\n<div class=\"screen-reader-response\"><p role=\"status\" aria-live=\"polite\" aria-atomic=\"true\"><\/p> <ul><\/ul><\/div>\n<form action=\"\/fr\/wp-json\/wp\/v2\/pages\/3143#wpcf7-f3684-o1\" method=\"post\" class=\"wpcf7-form init\" aria-label=\"Formulaire de contact\" novalidate=\"novalidate\" data-status=\"init\">\n<fieldset class=\"hidden-fields-container\"><input type=\"hidden\" name=\"_wpcf7\" value=\"3684\" \/><input type=\"hidden\" name=\"_wpcf7_version\" value=\"6.1.5\" \/><input type=\"hidden\" name=\"_wpcf7_locale\" value=\"fr_FR\" \/><input type=\"hidden\" name=\"_wpcf7_unit_tag\" value=\"wpcf7-f3684-o1\" \/><input type=\"hidden\" name=\"_wpcf7_container_post\" value=\"0\" \/><input type=\"hidden\" name=\"_wpcf7_posted_data_hash\" value=\"\" \/><input type=\"hidden\" name=\"_wpcf7_recaptcha_response\" value=\"\" \/>\n<\/fieldset>\n<p>Les champs contenant un ast\u00e9risque sont obligatoires\n<\/p>\n<div class=\"fusion-builder-row fusion-row\">\n\t<div class=\"fusion-layout-column fusion_builder_column fusion_builder_column_1_2 fusion-spacing-yes fusion-one-half fusion-column-first 1_2\">\n\t\t<p><span class=\"wpcf7-form-control-wrap\" data-name=\"text-603\"><input size=\"40\" maxlength=\"400\" class=\"wpcf7-form-control wpcf7-text wpcf7-validates-as-required\" aria-required=\"true\" aria-invalid=\"false\" value=\"Nom *\" type=\"text\" name=\"text-603\" \/><\/span>\n\t\t<\/p>\n\t<\/div>\n\t<div class=\"fusion-layout-column fusion_builder_column fusion_builder_column_1_2 fusion-spacing-yes fusion-one-half fusion-column-last 1_2\">\n\t\t<p><span class=\"wpcf7-form-control-wrap\" data-name=\"text-305\"><input size=\"40\" maxlength=\"400\" class=\"wpcf7-form-control wpcf7-text wpcf7-validates-as-required\" aria-required=\"true\" aria-invalid=\"false\" value=\"Pr\u00e9nom *\" type=\"text\" name=\"text-305\" \/><\/span>\n\t\t<\/p>\n\t<\/div>\n<\/div>\n<p><span class=\"wpcf7-form-control-wrap\" data-name=\"email-726\"><input size=\"40\" maxlength=\"400\" class=\"wpcf7-form-control wpcf7-email wpcf7-validates-as-required wpcf7-text wpcf7-validates-as-email\" aria-required=\"true\" aria-invalid=\"false\" placeholder=\"Email *\" value=\"\" type=\"email\" name=\"email-726\" \/><\/span>\n<\/p>\n<h3>Merci de pr\u00e9ciser votre projet ou votre demande\n<\/h3>\n<p><span class=\"wpcf7-form-control-wrap\" data-name=\"textarea-656\"><textarea cols=\"40\" rows=\"10\" maxlength=\"2000\" class=\"wpcf7-form-control wpcf7-textarea wpcf7-validates-as-required\" aria-required=\"true\" aria-invalid=\"false\" name=\"textarea-656\"><\/textarea><\/span>\n<\/p>\n\n<p><input class=\"wpcf7-form-control wpcf7-submit has-spinner\" type=\"submit\" value=\"Envoyer\" \/>\n<\/p>\n<p style=\"text-align: justify;\">Les informations recueillies sur ce formulaire sont enregistr\u00e9es dans un fichier informatis\u00e9 par l'<a style=\"color: #e84132;\" href=\"https:\/\/adnfc.fr\/?p=\" target=\"_blank\" rel=\"noopener\">Agence de D\u00e9veloppement \u00e9conomique du Nord Franche-Comt\u00e9 <\/a>(ADN-FC) pour permettre de vous recontacter. Elles sont conserv\u00e9es pendant 1 an et sont destin\u00e9es aux missions de l\u2019ADN-FC. Conform\u00e9ment au RGPD, nous vous informons que vos coordonn\u00e9es ne seront pas transmises \u00e0 des tiers et que notre base de donn\u00e9es reste confidentielle. Vous pouvez exercer votre droit d\u2019acc\u00e8s aux donn\u00e9es vous concernant \u00e0 l'adresse <a style=\"color: #e84132\">contact@adnfc.fr<\/a>\n<\/p><p style=\"display: none !important;\" class=\"akismet-fields-container\" data-prefix=\"_wpcf7_ak_\"><label>&#916;<textarea name=\"_wpcf7_ak_hp_textarea\" cols=\"45\" rows=\"8\" maxlength=\"100\"><\/textarea><\/label><input type=\"hidden\" id=\"ak_js_1\" name=\"_wpcf7_ak_js\" value=\"221\"\/><script>document.getElementById( \"ak_js_1\" ).setAttribute( \"value\", ( new Date() ).getTime() );<\/script><\/p><div class=\"fusion-alert alert custom alert-custom fusion-alert-center wpcf7-response-output fusion-alert-capitalize awb-alert-native-link-color alert-dismissable awb-alert-close-boxed\" style=\"--awb-border-top-left-radius:0px;--awb-border-top-right-radius:0px;--awb-border-bottom-left-radius:0px;--awb-border-bottom-right-radius:0px;\" role=\"alert\"><div class=\"fusion-alert-content-wrapper\"><span class=\"fusion-alert-content\"><\/span><\/div><button type=\"button\" class=\"close toggle-alert\" data-dismiss=\"alert\" aria-label=\"Close\">&times;<\/button><\/div>\n<\/form>\n<\/div>\n<\/p>\n<\/div><div class=\"fusion-clearfix\"><\/div><\/div><\/div><div class=\"fusion-layout-column fusion_builder_column fusion-builder-column-5 fusion_builder_column_1_4 1_4 fusion-one-fourth fusion-column-last\" style=\"--awb-bg-size:cover;width:25%;width:calc(25% - ( ( 4% + 4% ) * 0.25 ) );\"><div class=\"fusion-column-wrapper fusion-flex-column-wrapper-legacy\"><div class=\"fusion-clearfix\"><\/div><\/div><\/div><\/div><\/div><\/div>\n","protected":false},"excerpt":{"rendered":"","protected":false},"author":3,"featured_media":0,"parent":0,"menu_order":14,"comment_status":"closed","ping_status":"closed","template":"100-width.php","meta":{"_acf_changed":false,"footnotes":""},"class_list":["post-3143","page","type-page","status-publish","hentry"],"acf":[],"yoast_head":"<!-- This site is optimized with the Yoast SEO plugin v27.4 - https:\/\/yoast.com\/product\/yoast-seo-wordpress\/ -->\n<title>Formulaire de contact | Vous avez un projet ? Faites-nous en part<\/title>\n<meta name=\"description\" content=\"Nos \u00e9quipes vous accompagne dans vos projets de d\u00e9veloppement ou d\u2019implantation au sein du 1er bassin \u00e9conomique de l\u2019Est de la France\" \/>\n<meta name=\"robots\" content=\"index, follow, max-snippet:-1, max-image-preview:large, max-video-preview:-1\" \/>\n<link rel=\"canonical\" href=\"https:\/\/www.invest-in-nord-franche-comte.fr\/fr\/contact-projet\/\" \/>\n<meta property=\"og:locale\" content=\"fr_FR\" \/>\n<meta property=\"og:type\" content=\"article\" \/>\n<meta property=\"og:title\" content=\"Formulaire de contact | Vous avez un projet ? Faites-nous en part\" \/>\n<meta property=\"og:description\" content=\"Nos \u00e9quipes vous accompagne dans vos projets de d\u00e9veloppement ou d\u2019implantation au sein du 1er bassin \u00e9conomique de l\u2019Est de la France\" \/>\n<meta property=\"og:url\" content=\"https:\/\/www.invest-in-nord-franche-comte.fr\/fr\/contact-projet\/\" \/>\n<meta property=\"og:site_name\" content=\"Invest in Nord Franche-Comt\u00e9\" \/>\n<meta property=\"article:publisher\" content=\"https:\/\/www.facebook.com\/pg\/adnfc.fr\/\" \/>\n<meta property=\"article:modified_time\" content=\"2020-09-15T10:14:27+00:00\" \/>\n<meta property=\"og:image\" content=\"https:\/\/www.invest-in-nord-franche-comte.fr\/wp-content\/uploads\/2018\/05\/so-nord-franche-comte-logo-officiel.jpg\" \/>\n\t<meta property=\"og:image:width\" content=\"514\" \/>\n\t<meta property=\"og:image:height\" content=\"208\" \/>\n\t<meta property=\"og:image:type\" content=\"image\/jpeg\" \/>\n<meta name=\"twitter:card\" content=\"summary_large_image\" \/>\n<meta name=\"twitter:site\" content=\"@ADN_FC\" \/>\n<meta name=\"twitter:label1\" content=\"Dur\u00e9e de lecture estim\u00e9e\" \/>\n\t<meta name=\"twitter:data1\" content=\"2 minutes\" \/>\n<script type=\"application\/ld+json\" class=\"yoast-schema-graph\">{\"@context\":\"https:\\\/\\\/schema.org\",\"@graph\":[{\"@type\":\"WebPage\",\"@id\":\"https:\\\/\\\/www.invest-in-nord-franche-comte.fr\\\/fr\\\/contact-projet\\\/\",\"url\":\"https:\\\/\\\/www.invest-in-nord-franche-comte.fr\\\/fr\\\/contact-projet\\\/\",\"name\":\"Formulaire de contact | Vous avez un projet ? Faites-nous en part\",\"isPartOf\":{\"@id\":\"https:\\\/\\\/www.invest-in-nord-franche-comte.fr\\\/fr\\\/#website\"},\"datePublished\":\"2018-04-06T13:29:02+00:00\",\"dateModified\":\"2020-09-15T10:14:27+00:00\",\"description\":\"Nos \u00e9quipes vous accompagne dans vos projets de d\u00e9veloppement ou d\u2019implantation au sein du 1er bassin \u00e9conomique de l\u2019Est de la France\",\"breadcrumb\":{\"@id\":\"https:\\\/\\\/www.invest-in-nord-franche-comte.fr\\\/fr\\\/contact-projet\\\/#breadcrumb\"},\"inLanguage\":\"fr-FR\",\"potentialAction\":[{\"@type\":\"ReadAction\",\"target\":[\"https:\\\/\\\/www.invest-in-nord-franche-comte.fr\\\/fr\\\/contact-projet\\\/\"]}]},{\"@type\":\"BreadcrumbList\",\"@id\":\"https:\\\/\\\/www.invest-in-nord-franche-comte.fr\\\/fr\\\/contact-projet\\\/#breadcrumb\",\"itemListElement\":[{\"@type\":\"ListItem\",\"position\":1,\"name\":\"Accueil\",\"item\":\"https:\\\/\\\/www.invest-in-nord-franche-comte.fr\\\/fr\\\/\"},{\"@type\":\"ListItem\",\"position\":2,\"name\":\"Vous avez un projet\"}]},{\"@type\":\"WebSite\",\"@id\":\"https:\\\/\\\/www.invest-in-nord-franche-comte.fr\\\/fr\\\/#website\",\"url\":\"https:\\\/\\\/www.invest-in-nord-franche-comte.fr\\\/fr\\\/\",\"name\":\"Invest in Nord Franche-Comt\u00e9\",\"description\":\"\",\"potentialAction\":[{\"@type\":\"SearchAction\",\"target\":{\"@type\":\"EntryPoint\",\"urlTemplate\":\"https:\\\/\\\/www.invest-in-nord-franche-comte.fr\\\/fr\\\/?s={search_term_string}\"},\"query-input\":{\"@type\":\"PropertyValueSpecification\",\"valueRequired\":true,\"valueName\":\"search_term_string\"}}],\"inLanguage\":\"fr-FR\"}]}<\/script>\n<!-- \/ Yoast SEO plugin. -->","yoast_head_json":{"title":"Formulaire de contact | Vous avez un projet ? Faites-nous en part","description":"Nos \u00e9quipes vous accompagne dans vos projets de d\u00e9veloppement ou d\u2019implantation au sein du 1er bassin \u00e9conomique de l\u2019Est de la France","robots":{"index":"index","follow":"follow","max-snippet":"max-snippet:-1","max-image-preview":"max-image-preview:large","max-video-preview":"max-video-preview:-1"},"canonical":"https:\/\/www.invest-in-nord-franche-comte.fr\/fr\/contact-projet\/","og_locale":"fr_FR","og_type":"article","og_title":"Formulaire de contact | Vous avez un projet ? Faites-nous en part","og_description":"Nos \u00e9quipes vous accompagne dans vos projets de d\u00e9veloppement ou d\u2019implantation au sein du 1er bassin \u00e9conomique de l\u2019Est de la France","og_url":"https:\/\/www.invest-in-nord-franche-comte.fr\/fr\/contact-projet\/","og_site_name":"Invest in Nord Franche-Comt\u00e9","article_publisher":"https:\/\/www.facebook.com\/pg\/adnfc.fr\/","article_modified_time":"2020-09-15T10:14:27+00:00","og_image":[{"width":514,"height":208,"url":"https:\/\/www.invest-in-nord-franche-comte.fr\/wp-content\/uploads\/2018\/05\/so-nord-franche-comte-logo-officiel.jpg","type":"image\/jpeg"}],"twitter_card":"summary_large_image","twitter_site":"@ADN_FC","twitter_misc":{"Dur\u00e9e de lecture estim\u00e9e":"2 minutes"},"schema":{"@context":"https:\/\/schema.org","@graph":[{"@type":"WebPage","@id":"https:\/\/www.invest-in-nord-franche-comte.fr\/fr\/contact-projet\/","url":"https:\/\/www.invest-in-nord-franche-comte.fr\/fr\/contact-projet\/","name":"Formulaire de contact | Vous avez un projet ? Faites-nous en part","isPartOf":{"@id":"https:\/\/www.invest-in-nord-franche-comte.fr\/fr\/#website"},"datePublished":"2018-04-06T13:29:02+00:00","dateModified":"2020-09-15T10:14:27+00:00","description":"Nos \u00e9quipes vous accompagne dans vos projets de d\u00e9veloppement ou d\u2019implantation au sein du 1er bassin \u00e9conomique de l\u2019Est de la France","breadcrumb":{"@id":"https:\/\/www.invest-in-nord-franche-comte.fr\/fr\/contact-projet\/#breadcrumb"},"inLanguage":"fr-FR","potentialAction":[{"@type":"ReadAction","target":["https:\/\/www.invest-in-nord-franche-comte.fr\/fr\/contact-projet\/"]}]},{"@type":"BreadcrumbList","@id":"https:\/\/www.invest-in-nord-franche-comte.fr\/fr\/contact-projet\/#breadcrumb","itemListElement":[{"@type":"ListItem","position":1,"name":"Accueil","item":"https:\/\/www.invest-in-nord-franche-comte.fr\/fr\/"},{"@type":"ListItem","position":2,"name":"Vous avez un projet"}]},{"@type":"WebSite","@id":"https:\/\/www.invest-in-nord-franche-comte.fr\/fr\/#website","url":"https:\/\/www.invest-in-nord-franche-comte.fr\/fr\/","name":"Invest in Nord Franche-Comt\u00e9","description":"","potentialAction":[{"@type":"SearchAction","target":{"@type":"EntryPoint","urlTemplate":"https:\/\/www.invest-in-nord-franche-comte.fr\/fr\/?s={search_term_string}"},"query-input":{"@type":"PropertyValueSpecification","valueRequired":true,"valueName":"search_term_string"}}],"inLanguage":"fr-FR"}]}},"meta_box":[],"_links":{"self":[{"href":"https:\/\/www.invest-in-nord-franche-comte.fr\/fr\/wp-json\/wp\/v2\/pages\/3143","targetHints":{"allow":["GET"]}}],"collection":[{"href":"https:\/\/www.invest-in-nord-franche-comte.fr\/fr\/wp-json\/wp\/v2\/pages"}],"about":[{"href":"https:\/\/www.invest-in-nord-franche-comte.fr\/fr\/wp-json\/wp\/v2\/types\/page"}],"author":[{"embeddable":true,"href":"https:\/\/www.invest-in-nord-franche-comte.fr\/fr\/wp-json\/wp\/v2\/users\/3"}],"replies":[{"embeddable":true,"href":"https:\/\/www.invest-in-nord-franche-comte.fr\/fr\/wp-json\/wp\/v2\/comments?post=3143"}],"version-history":[{"count":1,"href":"https:\/\/www.invest-in-nord-franche-comte.fr\/fr\/wp-json\/wp\/v2\/pages\/3143\/revisions"}],"predecessor-version":[{"id":37781,"href":"https:\/\/www.invest-in-nord-franche-comte.fr\/fr\/wp-json\/wp\/v2\/pages\/3143\/revisions\/37781"}],"wp:attachment":[{"href":"https:\/\/www.invest-in-nord-franche-comte.fr\/fr\/wp-json\/wp\/v2\/media?parent=3143"}],"curies":[{"name":"wp","href":"https:\/\/api.w.org\/{rel}","templated":true}]}}